{"id":4116,"date":"2020-01-27T05:18:20","date_gmt":"2020-01-27T04:18:20","guid":{"rendered":"https:\/\/imperativewealth.com\/pre-registration\/"},"modified":"2020-03-13T13:51:51","modified_gmt":"2020-03-13T12:51:51","slug":"pre-registration","status":"publish","type":"page","link":"https:\/\/imperativewealth.com\/nl\/pre-registration\/","title":{"rendered":"Pr\u00e9-registration"},"content":{"rendered":"\t\t<div data-elementor-type=\"wp-page\" data-elementor-id=\"4116\" class=\"elementor elementor-4116 elementor-2114\" data-elementor-post-type=\"page\">\n\t\t\t\t\t\t<section class=\"elementor-section elementor-top-section elementor-element elementor-element-0115117 bg-blue elementor-section-boxed elementor-section-height-default elementor-section-height-default\" data-id=\"0115117\" data-element_type=\"section\">\n\t\t\t\t\t\t<div class=\"elementor-container elementor-column-gap-default\">\n\t\t\t\t\t<div class=\"elementor-column elementor-col-100 elementor-top-column elementor-element elementor-element-04614b6\" data-id=\"04614b6\" data-element_type=\"column\">\n\t\t\t<div class=\"elementor-widget-wrap elementor-element-populated\">\n\t\t\t\t\t\t<div class=\"elementor-element elementor-element-28ff0b3 site-logo elementor-widget elementor-widget-image\" data-id=\"28ff0b3\" data-element_type=\"widget\" data-widget_type=\"image.default\">\n\t\t\t\t<div class=\"elementor-widget-container\">\n\t\t\t\t\t\t\t\t\t\t\t\t\t\t<a href=\"https:\/\/imperativewealth.com\/?page_id=7\">\n\t\t\t\t\t\t\t<img decoding=\"async\" width=\"1\" height=\"1\" src=\"https:\/\/imperativewealth.com\/wp-content\/uploads\/0-IDENTITY\/Logo-name-H-White-L.svg\" class=\"attachment-large size-large wp-image-4117\" alt=\"Pr\u00e9-registration\" title=\"Pr\u00e9-registration\" \/>\t\t\t\t\t\t\t\t<\/a>\n\t\t\t\t\t\t\t\t\t\t\t\t\t<\/div>\n\t\t\t\t<\/div>\n\t\t\t\t\t<\/div>\n\t\t<\/div>\n\t\t\t\t\t<\/div>\n\t\t<\/section>\n\t\t\t\t<section class=\"elementor-section elementor-top-section elementor-element elementor-element-60265c9 bg-dark section-padding elementor-section-boxed elementor-section-height-default elementor-section-height-default\" data-id=\"60265c9\" data-element_type=\"section\" id=\"pre_registration_content\">\n\t\t\t\t\t\t<div class=\"elementor-container elementor-column-gap-default\">\n\t\t\t\t\t<div class=\"elementor-column elementor-col-100 elementor-top-column elementor-element elementor-element-67f9471\" data-id=\"67f9471\" data-element_type=\"column\">\n\t\t\t<div class=\"elementor-widget-wrap elementor-element-populated\">\n\t\t\t\t\t\t<div class=\"elementor-element elementor-element-e4d7681 top-content-icon elementor-widget elementor-widget-image\" data-id=\"e4d7681\" data-element_type=\"widget\" data-widget_type=\"image.default\">\n\t\t\t\t<div class=\"elementor-widget-container\">\n\t\t\t\t\t\t\t\t\t\t\t\t\t<img decoding=\"async\" width=\"1\" height=\"1\" src=\"https:\/\/imperativewealth.com\/wp-content\/uploads\/0-ICONS\/i-24px-Gold-circle-Tarifs.svg\" class=\"attachment-large size-large wp-image-3924\" alt=\"HOME PAGE (OLD)\" title=\"HOME PAGE (OLD)\" \/>\t\t\t\t\t\t\t\t\t\t\t\t\t<\/div>\n\t\t\t\t<\/div>\n\t\t\t\t<div class=\"elementor-element elementor-element-cb8cb9a section-sub-heading light-blue-text elementor-widget elementor-widget-text-editor\" data-id=\"cb8cb9a\" data-element_type=\"widget\" data-widget_type=\"text-editor.default\">\n\t\t\t\t<div class=\"elementor-widget-container\">\n\t\t\t\t\t\t\tPHASE DE PR\u00c9-INSCRIPTION &#8211; PRENEZ EN MAIN VOS FINANCES PERSONNELLES\t\t\t\t\t\t<\/div>\n\t\t\t\t<\/div>\n\t\t\t\t<section class=\"elementor-section elementor-inner-section elementor-element elementor-element-6a9c560 content-middle elementor-section-boxed elementor-section-height-default elementor-section-height-default\" data-id=\"6a9c560\" data-element_type=\"section\">\n\t\t\t\t\t\t<div class=\"elementor-container elementor-column-gap-default\">\n\t\t\t\t\t<div class=\"elementor-column elementor-col-50 elementor-inner-column elementor-element elementor-element-a97af0f\" data-id=\"a97af0f\" data-element_type=\"column\">\n\t\t\t<div class=\"elementor-widget-wrap elementor-element-populated\">\n\t\t\t\t\t\t<div class=\"elementor-element elementor-element-bc3b4b2 heading-white elementor-widget elementor-widget-heading\" data-id=\"bc3b4b2\" data-element_type=\"widget\" data-widget_type=\"heading.default\">\n\t\t\t\t<div class=\"elementor-widget-container\">\n\t\t\t<h3 class=\"elementor-heading-title elementor-size-default\">R\u00e9servez votre place<\/h3>\t\t<\/div>\n\t\t\t\t<\/div>\n\t\t\t\t<div class=\"elementor-element elementor-element-2d9cbc2 elementor-widget elementor-widget-text-editor\" data-id=\"2d9cbc2\" data-element_type=\"widget\" data-widget_type=\"text-editor.default\">\n\t\t\t\t<div class=\"elementor-widget-container\">\n\t\t\t\t\t\t\tNotre service est actuellement disponible sur\ninvitation essentiellement mais nous lib\u00e9rons\ndes places \u00e0 mesure que nos capacit\u00e9s se\nd\u00e9veloppent. \t\t\t\t\t\t<\/div>\n\t\t\t\t<\/div>\n\t\t\t\t<div class=\"elementor-element elementor-element-0437fa6 elementor-widget elementor-widget-text-editor\" data-id=\"0437fa6\" data-element_type=\"widget\" data-widget_type=\"text-editor.default\">\n\t\t\t\t<div class=\"elementor-widget-container\">\n\t\t\t\t\t\t\tPour optimiser vos actifs sans tarder ajoutez\nvotre email \u00e0 la liste et nous vous tiendrons\ninform\u00e9 d\u00e8s la lib\u00e9ration de nouvelles places.\t\t\t\t\t\t<\/div>\n\t\t\t\t<\/div>\n\t\t\t\t\t<\/div>\n\t\t<\/div>\n\t\t\t\t<div class=\"elementor-column elementor-col-50 elementor-inner-column elementor-element elementor-element-8399cd2\" data-id=\"8399cd2\" data-element_type=\"column\">\n\t\t\t<div class=\"elementor-widget-wrap elementor-element-populated\">\n\t\t\t\t\t\t<div class=\"elementor-element elementor-element-aa23da7 pre-registration-form elementor-button-align-stretch elementor-widget elementor-widget-form\" data-id=\"aa23da7\" data-element_type=\"widget\" data-settings=\"{&quot;button_width&quot;:&quot;100&quot;,&quot;step_next_label&quot;:&quot;Next&quot;,&quot;step_previous_label&quot;:&quot;Previous&quot;,&quot;step_type&quot;:&quot;number_text&quot;,&quot;step_icon_shape&quot;:&quot;circle&quot;}\" data-widget_type=\"form.default\">\n\t\t\t\t<div class=\"elementor-widget-container\">\n\t\t\t\t\t<form class=\"elementor-form\" method=\"post\" name=\"Nouveau formulaire\">\n\t\t\t<input type=\"hidden\" name=\"post_id\" value=\"4116\"\/>\n\t\t\t<input type=\"hidden\" name=\"form_id\" value=\"aa23da7\"\/>\n\t\t\t<input type=\"hidden\" name=\"referer_title\" value=\"Imperative Wealth\" \/>\n\n\t\t\t\n\t\t\t<div class=\"elementor-form-fields-wrapper elementor-labels-\">\n\t\t\t\t\t\t\t\t<div class=\"elementor-field-type-email elementor-field-group elementor-column elementor-field-group-email elementor-col-100 elementor-field-required\">\n\t\t\t\t\t\t\t\t\t\t\t\t<label for=\"form-field-email\" class=\"elementor-field-label elementor-screen-only\">\n\t\t\t\t\t\t\t\tE-mail\t\t\t\t\t\t\t<\/label>\n\t\t\t\t\t\t\t\t\t\t\t\t\t\t<input size=\"1\" type=\"email\" name=\"form_fields[email]\" id=\"form-field-email\" class=\"elementor-field elementor-size-md  elementor-field-textual\" placeholder=\"Email\" required=\"required\" aria-required=\"true\">\n\t\t\t\t\t\t\t\t\t\t\t<\/div>\n\t\t\t\t\t\t\t\t<div class=\"elementor-field-group elementor-column elementor-field-type-submit elementor-col-100 e-form__buttons\">\n\t\t\t\t\t<button type=\"submit\" class=\"elementor-button elementor-size-sm\">\n\t\t\t\t\t\t<span >\n\t\t\t\t\t\t\t\t\t\t\t\t\t\t\t<span class=\" elementor-button-icon\">\n\t\t\t\t\t\t\t\t\t\t\t\t\t\t\t\t\t\t\t\t\t\t\t\t\t\t<\/span>\n\t\t\t\t\t\t\t\t\t\t\t\t\t\t\t\t\t\t\t\t\t\t<span class=\"elementor-button-text\">INSCRIPTION GRATUITE<\/span>\n\t\t\t\t\t\t\t\t\t\t\t\t\t<\/span>\n\t\t\t\t\t<\/button>\n\t\t\t\t<\/div>\n\t\t\t<\/div>\n\t\t<\/form>\n\t\t\t\t<\/div>\n\t\t\t\t<\/div>\n\t\t\t\t\t<\/div>\n\t\t<\/div>\n\t\t\t\t\t<\/div>\n\t\t<\/section>\n\t\t\t\t<div class=\"elementor-element elementor-element-7bc0b10 elementor-align-center btn-dark elementor-widget elementor-widget-button\" data-id=\"7bc0b10\" data-element_type=\"widget\" data-widget_type=\"button.default\">\n\t\t\t\t<div class=\"elementor-widget-container\">\n\t\t\t\t\t<div class=\"elementor-button-wrapper\">\n\t\t\t<a class=\"elementor-button elementor-button-link elementor-size-md\" href=\"https:\/\/imperativewealth.com\/nl\/?page_id=4270\">\n\t\t\t\t\t\t<span class=\"elementor-button-content-wrapper\">\n\t\t\t\t\t\t<span class=\"elementor-button-icon elementor-align-icon-right\">\n\t\t\t\t<i aria-hidden=\"true\" class=\"fas fa-angle-right\"><\/i>\t\t\t<\/span>\n\t\t\t\t\t\t\t\t\t<span class=\"elementor-button-text\">Retour au site<\/span>\n\t\t\t\t\t<\/span>\n\t\t\t\t\t<\/a>\n\t\t<\/div>\n\t\t\t\t<\/div>\n\t\t\t\t<\/div>\n\t\t\t\t\t<\/div>\n\t\t<\/div>\n\t\t\t\t\t<\/div>\n\t\t<\/section>\n\t\t\t\t<\/div>\n\t\t","protected":false},"excerpt":{"rendered":"<p>PHASE DE PR\u00c9-INSCRIPTION &#8211; PRENEZ EN MAIN VOS FINANCES PERSONNELLES R\u00e9servez votre place Notre service est actuellement disponible sur invitation essentiellement mais nous lib\u00e9rons des places \u00e0 mesure que nos capacit\u00e9s se d\u00e9veloppent. Pour optimiser vos actifs sans tarder ajoutez votre email \u00e0 la liste et nous vous tiendrons inform\u00e9 d\u00e8s la lib\u00e9ration de nouvelles [&hellip;]<\/p>\n","protected":false},"author":5,"featured_media":0,"parent":0,"menu_order":99,"comment_status":"closed","ping_status":"closed","template":"","meta":{"_acf_changed":false,"site-sidebar-layout":"no-sidebar","site-content-layout":"page-builder","ast-site-content-layout":"default","site-content-style":"default","site-sidebar-style":"default","ast-global-header-display":"","ast-banner-title-visibility":"","ast-main-header-display":"","ast-hfb-above-header-display":"","ast-hfb-below-header-display":"","ast-hfb-mobile-header-display":"","site-post-title":"disabled","ast-breadcrumbs-content":"","ast-featured-img":"disabled","footer-sml-layout":"","ast-disable-related-posts":"","theme-transparent-header-meta":"default","adv-header-id-meta":"","stick-header-meta":"","header-above-stick-meta":"","header-main-stick-meta":"","header-below-stick-meta":"","astra-migrate-meta-layouts":"default","ast-page-background-enabled":"default","ast-page-background-meta":{"desktop":{"background-color":"var(--ast-global-color-4)","background-image":"","background-repeat":"repeat","background-position":"center center","background-size":"auto","background-attachment":"scroll","background-type":"","background-media":"","overlay-type":"","overlay-color":"","overlay-opacity":"","overlay-gradient":""},"tablet":{"background-color":"","background-image":"","background-repeat":"repeat","background-position":"center center","background-size":"auto","background-attachment":"scroll","background-type":"","background-media":"","overlay-type":"","overlay-color":"","overlay-opacity":"","overlay-gradient":""},"mobile":{"background-color":"","background-image":"","background-repeat":"repeat","background-position":"center center","background-size":"auto","background-attachment":"scroll","background-type":"","background-media":"","overlay-type":"","overlay-color":"","overlay-opacity":"","overlay-gradient":""}},"ast-content-background-meta":{"desktop":{"background-color":"var(--ast-global-color-5)","background-image":"","background-repeat":"repeat","background-position":"center center","background-size":"auto","background-attachment":"scroll","background-type":"","background-media":"","overlay-type":"","overlay-color":"","overlay-opacity":"","overlay-gradient":""},"tablet":{"background-color":"var(--ast-global-color-5)","background-image":"","background-repeat":"repeat","background-position":"center center","background-size":"auto","background-attachment":"scroll","background-type":"","background-media":"","overlay-type":"","overlay-color":"","overlay-opacity":"","overlay-gradient":""},"mobile":{"background-color":"var(--ast-global-color-5)","background-image":"","background-repeat":"repeat","background-position":"center center","background-size":"auto","background-attachment":"scroll","background-type":"","background-media":"","overlay-type":"","overlay-color":"","overlay-opacity":"","overlay-gradient":""}},"footnotes":""},"acf":[],"yoast_head":"\n<title>Gestion de fortune &#183; Imperative Wealth &#183; Pr\u00e9-registration<\/title>\n<meta name=\"description\" content=\"PHASE DE PR\u00c9-INSCRIPTION - PRENEZ EN MAIN VOS FINANCES PERSONNELLES R\u00e9servez votre place Notre service est actuellement disponible sur invitation\" \/>\n<meta name=\"robots\" content=\"noindex, follow, max-snippet:-1, max-image-preview:large, max-video-preview:-1\" \/>\n<meta property=\"og:locale\" content=\"nl_NL\" \/>\n<meta property=\"og:type\" content=\"article\" \/>\n<meta property=\"og:title\" content=\"Gestion de fortune &#183; Imperative Wealth &#183; Pr\u00e9-registration\" \/>\n<meta property=\"og:description\" content=\"PHASE DE PR\u00c9-INSCRIPTION - PRENEZ EN MAIN VOS FINANCES PERSONNELLES R\u00e9servez votre place Notre service est actuellement disponible sur invitation\" \/>\n<meta property=\"og:url\" content=\"https:\/\/imperativewealth.com\/nl\/pre-registration\/\" \/>\n<meta property=\"og:site_name\" content=\"Imperative Wealth\" \/>\n<meta property=\"article:publisher\" content=\"https:\/\/www.facebook.com\/Imperative-Wealth-112355490289592\" \/>\n<meta property=\"article:modified_time\" content=\"2020-03-13T12:51:51+00:00\" \/>\n<meta property=\"og:image\" content=\"https:\/\/imperativewealth.com\/wp-content\/uploads\/0-IDENTITY\/Logo-name-H-White-L.svg\" \/>\n<meta name=\"twitter:card\" content=\"summary_large_image\" \/>\n<meta name=\"twitter:site\" content=\"@ImperativeWeal1\" \/>\n<script type=\"application\/ld+json\" class=\"yoast-schema-graph\">{\"@context\":\"https:\/\/schema.org\",\"@graph\":[{\"@type\":\"WebPage\",\"@id\":\"https:\/\/imperativewealth.com\/nl\/pre-registration\/\",\"url\":\"https:\/\/imperativewealth.com\/nl\/pre-registration\/\",\"name\":\"Gestion de fortune &#183; Imperative Wealth &#183; Pr\u00e9-registration\",\"isPartOf\":{\"@id\":\"https:\/\/imperativewealth.com\/nl\/#website\"},\"primaryImageOfPage\":{\"@id\":\"https:\/\/imperativewealth.com\/nl\/pre-registration\/#primaryimage\"},\"image\":{\"@id\":\"https:\/\/imperativewealth.com\/nl\/pre-registration\/#primaryimage\"},\"thumbnailUrl\":\"https:\/\/imperativewealth.com\/wp-content\/uploads\/0-IDENTITY\/Logo-name-H-White-L.svg\",\"datePublished\":\"2020-01-27T04:18:20+00:00\",\"dateModified\":\"2020-03-13T12:51:51+00:00\",\"description\":\"PHASE DE PR\u00c9-INSCRIPTION - PRENEZ EN MAIN VOS FINANCES PERSONNELLES R\u00e9servez votre place Notre service est actuellement disponible sur invitation\",\"breadcrumb\":{\"@id\":\"https:\/\/imperativewealth.com\/nl\/pre-registration\/#breadcrumb\"},\"inLanguage\":\"nl-NL\",\"potentialAction\":[{\"@type\":\"ReadAction\",\"target\":[\"https:\/\/imperativewealth.com\/nl\/pre-registration\/\"]}]},{\"@type\":\"ImageObject\",\"inLanguage\":\"nl-NL\",\"@id\":\"https:\/\/imperativewealth.com\/nl\/pre-registration\/#primaryimage\",\"url\":\"https:\/\/imperativewealth.com\/wp-content\/uploads\/0-IDENTITY\/Logo-name-H-White-L.svg\",\"contentUrl\":\"https:\/\/imperativewealth.com\/wp-content\/uploads\/0-IDENTITY\/Logo-name-H-White-L.svg\"},{\"@type\":\"BreadcrumbList\",\"@id\":\"https:\/\/imperativewealth.com\/nl\/pre-registration\/#breadcrumb\",\"itemListElement\":[{\"@type\":\"ListItem\",\"position\":1,\"name\":\"Accueil\",\"item\":\"https:\/\/imperativewealth.com\/nl\/\"},{\"@type\":\"ListItem\",\"position\":2,\"name\":\"Pr\u00e9-registration\"}]},{\"@type\":\"WebSite\",\"@id\":\"https:\/\/imperativewealth.com\/nl\/#website\",\"url\":\"https:\/\/imperativewealth.com\/nl\/\",\"name\":\"Imperative Wealth\",\"description\":\"La gestion de fortune discr\u00e9tionnaire simplifi\u00e9e\",\"publisher\":{\"@id\":\"https:\/\/imperativewealth.com\/nl\/#organization\"},\"potentialAction\":[{\"@type\":\"SearchAction\",\"target\":{\"@type\":\"EntryPoint\",\"urlTemplate\":\"https:\/\/imperativewealth.com\/nl\/?s={search_term_string}\"},\"query-input\":\"required name=search_term_string\"}],\"inLanguage\":\"nl-NL\"},{\"@type\":\"Organization\",\"@id\":\"https:\/\/imperativewealth.com\/nl\/#organization\",\"name\":\"Imperative Wealth\",\"url\":\"https:\/\/imperativewealth.com\/nl\/\",\"logo\":{\"@type\":\"ImageObject\",\"inLanguage\":\"nl-NL\",\"@id\":\"https:\/\/imperativewealth.com\/nl\/#\/schema\/logo\/image\/\",\"url\":\"https:\/\/imperativewealth.com\/wp-content\/uploads\/0-IDENTITY\/Logo-Home-Top-Imperative-Wealth-1.svg\",\"contentUrl\":\"https:\/\/imperativewealth.com\/wp-content\/uploads\/0-IDENTITY\/Logo-Home-Top-Imperative-Wealth-1.svg\",\"width\":1,\"height\":1,\"caption\":\"Imperative Wealth\"},\"image\":{\"@id\":\"https:\/\/imperativewealth.com\/nl\/#\/schema\/logo\/image\/\"},\"sameAs\":[\"https:\/\/www.facebook.com\/Imperative-Wealth-112355490289592\",\"https:\/\/x.com\/ImperativeWeal1\"]}]}<\/script>\n","yoast_head_json":{"title":"Gestion de fortune &#183; Imperative Wealth &#183; Pr\u00e9-registration","description":"PHASE DE PR\u00c9-INSCRIPTION - PRENEZ EN MAIN VOS FINANCES PERSONNELLES R\u00e9servez votre place Notre service est actuellement disponible sur invitation","robots":{"index":"noindex","follow":"follow","max-snippet":"max-snippet:-1","max-image-preview":"max-image-preview:large","max-video-preview":"max-video-preview:-1"},"og_locale":"nl_NL","og_type":"article","og_title":"Gestion de fortune &#183; Imperative Wealth &#183; Pr\u00e9-registration","og_description":"PHASE DE PR\u00c9-INSCRIPTION - PRENEZ EN MAIN VOS FINANCES PERSONNELLES R\u00e9servez votre place Notre service est actuellement disponible sur invitation","og_url":"https:\/\/imperativewealth.com\/nl\/pre-registration\/","og_site_name":"Imperative Wealth","article_publisher":"https:\/\/www.facebook.com\/Imperative-Wealth-112355490289592","article_modified_time":"2020-03-13T12:51:51+00:00","og_image":[{"url":"https:\/\/imperativewealth.com\/wp-content\/uploads\/0-IDENTITY\/Logo-name-H-White-L.svg"}],"twitter_card":"summary_large_image","twitter_site":"@ImperativeWeal1","schema":{"@context":"https:\/\/schema.org","@graph":[{"@type":"WebPage","@id":"https:\/\/imperativewealth.com\/nl\/pre-registration\/","url":"https:\/\/imperativewealth.com\/nl\/pre-registration\/","name":"Gestion de fortune &#183; Imperative Wealth &#183; Pr\u00e9-registration","isPartOf":{"@id":"https:\/\/imperativewealth.com\/nl\/#website"},"primaryImageOfPage":{"@id":"https:\/\/imperativewealth.com\/nl\/pre-registration\/#primaryimage"},"image":{"@id":"https:\/\/imperativewealth.com\/nl\/pre-registration\/#primaryimage"},"thumbnailUrl":"https:\/\/imperativewealth.com\/wp-content\/uploads\/0-IDENTITY\/Logo-name-H-White-L.svg","datePublished":"2020-01-27T04:18:20+00:00","dateModified":"2020-03-13T12:51:51+00:00","description":"PHASE DE PR\u00c9-INSCRIPTION - PRENEZ EN MAIN VOS FINANCES PERSONNELLES R\u00e9servez votre place Notre service est actuellement disponible sur invitation","breadcrumb":{"@id":"https:\/\/imperativewealth.com\/nl\/pre-registration\/#breadcrumb"},"inLanguage":"nl-NL","potentialAction":[{"@type":"ReadAction","target":["https:\/\/imperativewealth.com\/nl\/pre-registration\/"]}]},{"@type":"ImageObject","inLanguage":"nl-NL","@id":"https:\/\/imperativewealth.com\/nl\/pre-registration\/#primaryimage","url":"https:\/\/imperativewealth.com\/wp-content\/uploads\/0-IDENTITY\/Logo-name-H-White-L.svg","contentUrl":"https:\/\/imperativewealth.com\/wp-content\/uploads\/0-IDENTITY\/Logo-name-H-White-L.svg"},{"@type":"BreadcrumbList","@id":"https:\/\/imperativewealth.com\/nl\/pre-registration\/#breadcrumb","itemListElement":[{"@type":"ListItem","position":1,"name":"Accueil","item":"https:\/\/imperativewealth.com\/nl\/"},{"@type":"ListItem","position":2,"name":"Pr\u00e9-registration"}]},{"@type":"WebSite","@id":"https:\/\/imperativewealth.com\/nl\/#website","url":"https:\/\/imperativewealth.com\/nl\/","name":"Imperative Wealth","description":"La gestion de fortune discr\u00e9tionnaire simplifi\u00e9e","publisher":{"@id":"https:\/\/imperativewealth.com\/nl\/#organization"},"potentialAction":[{"@type":"SearchAction","target":{"@type":"EntryPoint","urlTemplate":"https:\/\/imperativewealth.com\/nl\/?s={search_term_string}"},"query-input":"required name=search_term_string"}],"inLanguage":"nl-NL"},{"@type":"Organization","@id":"https:\/\/imperativewealth.com\/nl\/#organization","name":"Imperative Wealth","url":"https:\/\/imperativewealth.com\/nl\/","logo":{"@type":"ImageObject","inLanguage":"nl-NL","@id":"https:\/\/imperativewealth.com\/nl\/#\/schema\/logo\/image\/","url":"https:\/\/imperativewealth.com\/wp-content\/uploads\/0-IDENTITY\/Logo-Home-Top-Imperative-Wealth-1.svg","contentUrl":"https:\/\/imperativewealth.com\/wp-content\/uploads\/0-IDENTITY\/Logo-Home-Top-Imperative-Wealth-1.svg","width":1,"height":1,"caption":"Imperative Wealth"},"image":{"@id":"https:\/\/imperativewealth.com\/nl\/#\/schema\/logo\/image\/"},"sameAs":["https:\/\/www.facebook.com\/Imperative-Wealth-112355490289592","https:\/\/x.com\/ImperativeWeal1"]}]}},"_links":{"self":[{"href":"https:\/\/imperativewealth.com\/nl\/wp-json\/wp\/v2\/pages\/4116"}],"collection":[{"href":"https:\/\/imperativewealth.com\/nl\/wp-json\/wp\/v2\/pages"}],"about":[{"href":"https:\/\/imperativewealth.com\/nl\/wp-json\/wp\/v2\/types\/page"}],"author":[{"embeddable":true,"href":"https:\/\/imperativewealth.com\/nl\/wp-json\/wp\/v2\/users\/5"}],"replies":[{"embeddable":true,"href":"https:\/\/imperativewealth.com\/nl\/wp-json\/wp\/v2\/comments?post=4116"}],"version-history":[{"count":0,"href":"https:\/\/imperativewealth.com\/nl\/wp-json\/wp\/v2\/pages\/4116\/revisions"}],"wp:attachment":[{"href":"https:\/\/imperativewealth.com\/nl\/wp-json\/wp\/v2\/media?parent=4116"}],"curies":[{"name":"wp","href":"https:\/\/api.w.org\/{rel}","templated":true}]}}